{"id":8496,"date":"2020-05-28T13:18:29","date_gmt":"2020-05-28T17:18:29","guid":{"rendered":"https:\/\/www.cngov.ca\/dci_funds\/"},"modified":"2020-06-17T11:01:38","modified_gmt":"2020-06-17T15:01:38","slug":"dci_funds","status":"publish","type":"page","link":"https:\/\/cngov.ca\/fr\/dci_funds\/","title":{"rendered":"Fonds de commerce et d&rsquo;industrie"},"content":{"rendered":"","protected":false},"excerpt":{"rendered":"<p>L\u2019\u00e9quipe du Service du commerce et de l\u2019industrie du Gouvernement de la Nation crie continue de servir les entreprises d\u2019Eeyou Istchee pendant la pand\u00e9mie actuelle. L\u2019\u00e9quipe fait sa part en pratiquant la distanciation sociale, mais soyez assur\u00e9s qu\u2019elle travaille \u00e0 temps plein et que vous pouvez la rejoindre par courriel ou par t\u00e9l\u00e9phone durant cette p\u00e9riode sans pr\u00e9c\u00e9dent.<\/p>\n","protected":false},"author":23,"featured_media":8275,"parent":0,"menu_order":0,"comment_status":"closed","ping_status":"closed","template":"","meta":[],"tags":[],"acf":[],"_links":{"self":[{"href":"https:\/\/cngov.ca\/fr\/wp-json\/wp\/v2\/pages\/8496"}],"collection":[{"href":"https:\/\/cngov.ca\/fr\/wp-json\/wp\/v2\/pages"}],"about":[{"href":"https:\/\/cngov.ca\/fr\/wp-json\/wp\/v2\/types\/page"}],"author":[{"embeddable":true,"href":"https:\/\/cngov.ca\/fr\/wp-json\/wp\/v2\/users\/23"}],"replies":[{"embeddable":true,"href":"https:\/\/cngov.ca\/fr\/wp-json\/wp\/v2\/comments?post=8496"}],"version-history":[{"count":2,"href":"https:\/\/cngov.ca\/fr\/wp-json\/wp\/v2\/pages\/8496\/revisions"}],"predecessor-version":[{"id":8498,"href":"https:\/\/cngov.ca\/fr\/wp-json\/wp\/v2\/pages\/8496\/revisions\/8498"}],"wp:featuredmedia":[{"embeddable":true,"href":"https:\/\/cngov.ca\/fr\/wp-json\/wp\/v2\/media\/8275"}],"wp:attachment":[{"href":"https:\/\/cngov.ca\/fr\/wp-json\/wp\/v2\/media?parent=8496"}],"wp:term":[{"taxonomy":"post_tag","embeddable":true,"href":"https:\/\/cngov.ca\/fr\/wp-json\/wp\/v2\/tags?post=8496"}],"curies":[{"name":"wp","href":"https:\/\/api.w.org\/{rel}","templated":true}]}}