{"id":7317,"date":"2020-02-21T12:32:28","date_gmt":"2020-02-21T16:32:28","guid":{"rendered":"https:\/\/www.cngov.ca\/?page_id=7317"},"modified":"2020-02-21T13:01:53","modified_gmt":"2020-02-21T17:01:53","slug":"message-a-loccasion-de-lanniversaire-de-la-signature-de-lentente-concernant-une-nouvelle-relation-cris-canada","status":"publish","type":"page","link":"https:\/\/cngov.ca\/fr\/message-a-loccasion-de-lanniversaire-de-la-signature-de-lentente-concernant-une-nouvelle-relation-cris-canada\/","title":{"rendered":"Message \u00e0 l\u2019occasion de l\u2019anniversaire de la signature de l\u2019Entente concernant une nouvelle relation Cris-Canada"},"content":{"rendered":"","protected":false},"excerpt":{"rendered":"<p>La nouvelle relation f\u00e9d\u00e9rale a \u00e9t\u00e9 sign\u00e9e il y a 12 ans aujourd&rsquo;hui<\/p>\n","protected":false},"author":23,"featured_media":7312,"parent":0,"menu_order":0,"comment_status":"closed","ping_status":"closed","template":"","meta":[],"tags":[296,321,322,323],"acf":[],"_links":{"self":[{"href":"https:\/\/cngov.ca\/fr\/wp-json\/wp\/v2\/pages\/7317"}],"collection":[{"href":"https:\/\/cngov.ca\/fr\/wp-json\/wp\/v2\/pages"}],"about":[{"href":"https:\/\/cngov.ca\/fr\/wp-json\/wp\/v2\/types\/page"}],"author":[{"embeddable":true,"href":"https:\/\/cngov.ca\/fr\/wp-json\/wp\/v2\/users\/23"}],"replies":[{"embeddable":true,"href":"https:\/\/cngov.ca\/fr\/wp-json\/wp\/v2\/comments?post=7317"}],"version-history":[{"count":3,"href":"https:\/\/cngov.ca\/fr\/wp-json\/wp\/v2\/pages\/7317\/revisions"}],"predecessor-version":[{"id":7320,"href":"https:\/\/cngov.ca\/fr\/wp-json\/wp\/v2\/pages\/7317\/revisions\/7320"}],"wp:featuredmedia":[{"embeddable":true,"href":"https:\/\/cngov.ca\/fr\/wp-json\/wp\/v2\/media\/7312"}],"wp:attachment":[{"href":"https:\/\/cngov.ca\/fr\/wp-json\/wp\/v2\/media?parent=7317"}],"wp:term":[{"taxonomy":"post_tag","embeddable":true,"href":"https:\/\/cngov.ca\/fr\/wp-json\/wp\/v2\/tags?post=7317"}],"curies":[{"name":"wp","href":"https:\/\/api.w.org\/{rel}","templated":true}]}}