{"id":5054,"date":"2017-11-06T17:46:56","date_gmt":"2017-11-06T17:46:56","guid":{"rendered":"https:\/\/www.cngov.ca\/commerce-et-industrie\/our-businesses\/"},"modified":"2019-02-14T12:41:02","modified_gmt":"2019-02-14T16:41:02","slug":"our-businesses","status":"publish","type":"page","link":"https:\/\/cngov.ca\/fr\/commerce-et-industrie\/our-businesses\/","title":{"rendered":"Nos Entreprises (Coordonn\u00e9es)"},"content":{"rendered":"","protected":false},"excerpt":{"rendered":"<p>Le D\u00e9partement du commerce et de l&rsquo;industrie a travaill\u00e9 en collaboration avec la soci\u00e9t\u00e9 du plan Nord pour cr\u00e9er cette liste d&rsquo;entreprises op\u00e9rant en Eeyou Istchee. Vous pouvez en savoir plus sur les entreprises r\u00e9pertori\u00e9es dans votre communaut\u00e9 ou fournir des informations actualis\u00e9es sur votre entreprise.<\/p>\n","protected":false},"author":1,"featured_media":0,"parent":1514,"menu_order":0,"comment_status":"closed","ping_status":"closed","template":"views\/template-listing.blade.php","meta":[],"tags":[],"acf":[],"_links":{"self":[{"href":"https:\/\/cngov.ca\/fr\/wp-json\/wp\/v2\/pages\/5054"}],"collection":[{"href":"https:\/\/cngov.ca\/fr\/wp-json\/wp\/v2\/pages"}],"about":[{"href":"https:\/\/cngov.ca\/fr\/wp-json\/wp\/v2\/types\/page"}],"author":[{"embeddable":true,"href":"https:\/\/cngov.ca\/fr\/wp-json\/wp\/v2\/users\/1"}],"replies":[{"embeddable":true,"href":"https:\/\/cngov.ca\/fr\/wp-json\/wp\/v2\/comments?post=5054"}],"version-history":[{"count":11,"href":"https:\/\/cngov.ca\/fr\/wp-json\/wp\/v2\/pages\/5054\/revisions"}],"predecessor-version":[{"id":5331,"href":"https:\/\/cngov.ca\/fr\/wp-json\/wp\/v2\/pages\/5054\/revisions\/5331"}],"up":[{"embeddable":true,"href":"https:\/\/cngov.ca\/fr\/wp-json\/wp\/v2\/pages\/1514"}],"wp:attachment":[{"href":"https:\/\/cngov.ca\/fr\/wp-json\/wp\/v2\/media?parent=5054"}],"wp:term":[{"taxonomy":"post_tag","embeddable":true,"href":"https:\/\/cngov.ca\/fr\/wp-json\/wp\/v2\/tags?post=5054"}],"curies":[{"name":"wp","href":"https:\/\/api.w.org\/{rel}","templated":true}]}}