{"id":2722,"date":"2017-11-06T17:34:37","date_gmt":"2017-11-06T17:34:37","guid":{"rendered":"https:\/\/stage.cngov.ca\/services\/services-durgence\/police\/"},"modified":"2024-11-25T10:54:57","modified_gmt":"2024-11-25T14:54:57","slug":"police","status":"publish","type":"page","link":"https:\/\/cngov.ca\/fr\/services\/services-durgence\/police\/","title":{"rendered":"Police"},"content":{"rendered":"<p>Les services r\u00e9gionaux de police dans Eeyou Istchee sont fournis par le Service de police Eeyou Eenou (SPEE) au moyen de 9 d\u00e9tachements locaux r\u00e9partis en 3 districts (Nord, Sud et Int\u00e9rieur).<\/p>\n<p>Consultez la liste ci-dessous pour trouver le d\u00e9tachement local dans votre communaut\u00e9 :<\/p>\n","protected":false},"excerpt":{"rendered":"<p>Le Service de police Eeyou Eenou<\/p>\n","protected":false},"author":1,"featured_media":2721,"parent":1579,"menu_order":0,"comment_status":"closed","ping_status":"closed","template":"","meta":[],"tags":[],"acf":[],"_links":{"self":[{"href":"https:\/\/cngov.ca\/fr\/wp-json\/wp\/v2\/pages\/2722"}],"collection":[{"href":"https:\/\/cngov.ca\/fr\/wp-json\/wp\/v2\/pages"}],"about":[{"href":"https:\/\/cngov.ca\/fr\/wp-json\/wp\/v2\/types\/page"}],"author":[{"embeddable":true,"href":"https:\/\/cngov.ca\/fr\/wp-json\/wp\/v2\/users\/1"}],"replies":[{"embeddable":true,"href":"https:\/\/cngov.ca\/fr\/wp-json\/wp\/v2\/comments?post=2722"}],"version-history":[{"count":7,"href":"https:\/\/cngov.ca\/fr\/wp-json\/wp\/v2\/pages\/2722\/revisions"}],"predecessor-version":[{"id":15647,"href":"https:\/\/cngov.ca\/fr\/wp-json\/wp\/v2\/pages\/2722\/revisions\/15647"}],"up":[{"embeddable":true,"href":"https:\/\/cngov.ca\/fr\/wp-json\/wp\/v2\/pages\/1579"}],"wp:featuredmedia":[{"embeddable":true,"href":"https:\/\/cngov.ca\/fr\/wp-json\/wp\/v2\/media\/2721"}],"wp:attachment":[{"href":"https:\/\/cngov.ca\/fr\/wp-json\/wp\/v2\/media?parent=2722"}],"wp:term":[{"taxonomy":"post_tag","embeddable":true,"href":"https:\/\/cngov.ca\/fr\/wp-json\/wp\/v2\/tags?post=2722"}],"curies":[{"name":"wp","href":"https:\/\/api.w.org\/{rel}","templated":true}]}}