{"id":2624,"date":"2017-11-06T17:11:45","date_gmt":"2017-11-06T17:11:45","guid":{"rendered":"https:\/\/stage.cngov.ca\/gouvernance-et-structure\/government-services\/it\/"},"modified":"2018-04-02T15:50:15","modified_gmt":"2018-04-02T15:50:15","slug":"it","status":"publish","type":"page","link":"https:\/\/cngov.ca\/fr\/gouvernance-et-structure\/government-services\/it\/","title":{"rendered":"Technologies de l\u2019information et de la communication"},"content":{"rendered":"<p>Le Service des technologies de l\u2019information et de la communication du Gouvernement de la Nation Crie fournit les services de technologies de premi\u00e8re ligne et le soutien complet en TIC pour les employ\u00e9s tels que:<\/p>\n<ul>\n<li>Les services de TIC fiables, s\u00e9curitaires et facilement accessibles<\/li>\n<li>La gestion du parc informatique du gouvernement, un centre d\u2019aide en TIC, l\u2019impression, les canaux unifi\u00e9s de communication, incluant le courrier \u00e9lectronique, la t\u00e9l\u00e9phonie IP, la vid\u00e9oconf\u00e9rence, la plateforme de diffusion en direct et autres plateformes de collaboration<\/li>\n<li>Les applications du centre de donn\u00e9es et le soutien de la base de donn\u00e9es<\/li>\n<li>Le d\u00e9veloppement de programmes et de projets de TIC et la gestion des services<\/li>\n<\/ul>\n<p>&nbsp;<\/p>\n<p>&nbsp;<\/p>\n","protected":false},"excerpt":{"rendered":"<p>Au service du Gouvernement de la Nation Crie pour tous ses besoins en technologies de l\u2019information et de la communication.<\/p>\n","protected":false},"author":1,"featured_media":1122,"parent":1569,"menu_order":0,"comment_status":"closed","ping_status":"closed","template":"","meta":[],"tags":[],"acf":[],"_links":{"self":[{"href":"https:\/\/cngov.ca\/fr\/wp-json\/wp\/v2\/pages\/2624"}],"collection":[{"href":"https:\/\/cngov.ca\/fr\/wp-json\/wp\/v2\/pages"}],"about":[{"href":"https:\/\/cngov.ca\/fr\/wp-json\/wp\/v2\/types\/page"}],"author":[{"embeddable":true,"href":"https:\/\/cngov.ca\/fr\/wp-json\/wp\/v2\/users\/1"}],"replies":[{"embeddable":true,"href":"https:\/\/cngov.ca\/fr\/wp-json\/wp\/v2\/comments?post=2624"}],"version-history":[{"count":8,"href":"https:\/\/cngov.ca\/fr\/wp-json\/wp\/v2\/pages\/2624\/revisions"}],"predecessor-version":[{"id":3177,"href":"https:\/\/cngov.ca\/fr\/wp-json\/wp\/v2\/pages\/2624\/revisions\/3177"}],"up":[{"embeddable":true,"href":"https:\/\/cngov.ca\/fr\/wp-json\/wp\/v2\/pages\/1569"}],"wp:featuredmedia":[{"embeddable":true,"href":"https:\/\/cngov.ca\/fr\/wp-json\/wp\/v2\/media\/1122"}],"wp:attachment":[{"href":"https:\/\/cngov.ca\/fr\/wp-json\/wp\/v2\/media?parent=2624"}],"wp:term":[{"taxonomy":"post_tag","embeddable":true,"href":"https:\/\/cngov.ca\/fr\/wp-json\/wp\/v2\/tags?post=2624"}],"curies":[{"name":"wp","href":"https:\/\/api.w.org\/{rel}","templated":true}]}}