{"id":2610,"date":"2017-11-06T17:22:19","date_gmt":"2017-11-06T17:22:19","guid":{"rendered":"https:\/\/stage.cngov.ca\/communaute-et-culture\/participation-de-la-communaute\/stories-from-eeyou-istchee\/"},"modified":"2018-10-23T14:48:55","modified_gmt":"2018-10-23T18:48:55","slug":"stories-from-eeyou-istchee","status":"publish","type":"page","link":"https:\/\/cngov.ca\/fr\/communaute-et-culture\/participation-de-la-communaute\/stories-from-eeyou-istchee\/","title":{"rendered":"Histoires d\u2019Eeyou Istchee"},"content":{"rendered":"<p>Avez-vous une histoire int\u00e9ressante \u00e0 partager avec la Nation Crie? Y a-t-il un \u00e9v\u00e9nement excitant qui se produit dans votre communaut\u00e9? Avez-vous un projet communautaire dont vous aimeriez faire part \u00e0 la population d\u2019Eeyou Istchee?<\/p>\n<p><a href=\"mailto: info@cngov.ca\">Communiquez avec<\/a> nous pour partager votre histoire ou votre nouvelle.<\/p>\n","protected":false},"excerpt":{"rendered":"<p>Pr\u00e9sentation d\u2019histoires, de nouvelles et d\u2019\u00e9v\u00e9nements par et pour la population d\u2019Eeyou Istchee.<\/p>\n","protected":false},"author":1,"featured_media":1142,"parent":1441,"menu_order":0,"comment_status":"closed","ping_status":"closed","template":"","meta":[],"tags":[],"acf":[],"_links":{"self":[{"href":"https:\/\/cngov.ca\/fr\/wp-json\/wp\/v2\/pages\/2610"}],"collection":[{"href":"https:\/\/cngov.ca\/fr\/wp-json\/wp\/v2\/pages"}],"about":[{"href":"https:\/\/cngov.ca\/fr\/wp-json\/wp\/v2\/types\/page"}],"author":[{"embeddable":true,"href":"https:\/\/cngov.ca\/fr\/wp-json\/wp\/v2\/users\/1"}],"replies":[{"embeddable":true,"href":"https:\/\/cngov.ca\/fr\/wp-json\/wp\/v2\/comments?post=2610"}],"version-history":[{"count":3,"href":"https:\/\/cngov.ca\/fr\/wp-json\/wp\/v2\/pages\/2610\/revisions"}],"predecessor-version":[{"id":4478,"href":"https:\/\/cngov.ca\/fr\/wp-json\/wp\/v2\/pages\/2610\/revisions\/4478"}],"up":[{"embeddable":true,"href":"https:\/\/cngov.ca\/fr\/wp-json\/wp\/v2\/pages\/1441"}],"wp:featuredmedia":[{"embeddable":true,"href":"https:\/\/cngov.ca\/fr\/wp-json\/wp\/v2\/media\/1142"}],"wp:attachment":[{"href":"https:\/\/cngov.ca\/fr\/wp-json\/wp\/v2\/media?parent=2610"}],"wp:term":[{"taxonomy":"post_tag","embeddable":true,"href":"https:\/\/cngov.ca\/fr\/wp-json\/wp\/v2\/tags?post=2610"}],"curies":[{"name":"wp","href":"https:\/\/api.w.org\/{rel}","templated":true}]}}