{"id":2601,"date":"2017-11-06T17:32:35","date_gmt":"2017-11-06T17:32:35","guid":{"rendered":"https:\/\/stage.cngov.ca\/services\/child-family\/"},"modified":"2018-05-23T16:29:27","modified_gmt":"2018-05-23T20:29:27","slug":"services-a-la-petite-enfance-et-a-la-famille","status":"publish","type":"page","link":"https:\/\/cngov.ca\/fr\/services\/services-a-la-petite-enfance-et-a-la-famille\/","title":{"rendered":"Services \u00e0 la petite enfance et \u00e0 la famille"},"content":{"rendered":"<p>Les Services \u00e0 la petite enfance et \u00e0 la famille ont \u00e9t\u00e9 cr\u00e9\u00e9s en 2003 \u00e0 la suite de la signature de la premi\u00e8re entente sur les services de la petite enfance avec le minist\u00e8re de la Famille du Qu\u00e9bec. Les fonds re\u00e7us du minist\u00e8re de la Famille ont \u00e9t\u00e9 distribu\u00e9s \u00e0 tous les centres de la petite enfance cris dans Eeyou Istchee et ont \u00e9t\u00e9 utilis\u00e9s pour \u00e9tablir le nouveau service. Aujourd\u2019hui, en tout, 16 installations de services \u00e0 la petite enfance desservent les familles cries dans l\u2019ensemble du territoire d\u2019Eeyou Istchee avec un total de 1 208 places en garderie. Le centre de la petite enfance subventionn\u00e9 pour chaque place est offert aux parents \u00e0 7,55 $ par jour de service sur une semaine de cinq jours.<\/p>\n","protected":false},"excerpt":{"rendered":"<p>Les Services \u00e0 la petite enfance et \u00e0 la famille ont \u00e9t\u00e9 cr\u00e9\u00e9s en 2003 \u00e0 la suite de la signature de la premi\u00e8re entente sur les services de la petite enfance avec le minist\u00e8re de la Famille du Qu\u00e9bec.<\/p>\n","protected":false},"author":1,"featured_media":0,"parent":1522,"menu_order":0,"comment_status":"closed","ping_status":"closed","template":"","meta":[],"tags":[],"acf":[],"_links":{"self":[{"href":"https:\/\/cngov.ca\/fr\/wp-json\/wp\/v2\/pages\/2601"}],"collection":[{"href":"https:\/\/cngov.ca\/fr\/wp-json\/wp\/v2\/pages"}],"about":[{"href":"https:\/\/cngov.ca\/fr\/wp-json\/wp\/v2\/types\/page"}],"author":[{"embeddable":true,"href":"https:\/\/cngov.ca\/fr\/wp-json\/wp\/v2\/users\/1"}],"replies":[{"embeddable":true,"href":"https:\/\/cngov.ca\/fr\/wp-json\/wp\/v2\/comments?post=2601"}],"version-history":[{"count":6,"href":"https:\/\/cngov.ca\/fr\/wp-json\/wp\/v2\/pages\/2601\/revisions"}],"predecessor-version":[{"id":3476,"href":"https:\/\/cngov.ca\/fr\/wp-json\/wp\/v2\/pages\/2601\/revisions\/3476"}],"up":[{"embeddable":true,"href":"https:\/\/cngov.ca\/fr\/wp-json\/wp\/v2\/pages\/1522"}],"wp:attachment":[{"href":"https:\/\/cngov.ca\/fr\/wp-json\/wp\/v2\/media?parent=2601"}],"wp:term":[{"taxonomy":"post_tag","embeddable":true,"href":"https:\/\/cngov.ca\/fr\/wp-json\/wp\/v2\/tags?post=2601"}],"curies":[{"name":"wp","href":"https:\/\/api.w.org\/{rel}","templated":true}]}}