{"id":2541,"date":"2017-11-06T17:40:59","date_gmt":"2017-11-06T17:40:59","guid":{"rendered":"https:\/\/stage.cngov.ca\/environnement\/wildlife-management-and-conservation\/"},"modified":"2018-04-10T17:22:37","modified_gmt":"2018-04-10T17:22:37","slug":"gestion-et-conservation-de-la-faune","status":"publish","type":"page","link":"https:\/\/cngov.ca\/fr\/environnement\/gestion-et-conservation-de-la-faune\/","title":{"rendered":"Gestion et conservation de la faune"},"content":{"rendered":"<p>Gr\u00e2ce \u00e0 la Convention de la Baie James et du Nord Qu\u00e9b\u00e9cois (CBJNQ) et \u00e0 la Convention du Nord-Est Qu\u00e9b\u00e9cois (CNEQ), le R\u00e9gime de chasse, de p\u00eache et de pi\u00e9geage existe pour reconna\u00eetre, prot\u00e9ger et prioriser les droits autochtones d\u2019exploitation des ressources fauniques sur le territoire.<\/p>\n<p>Le r\u00e9gime s\u2019applique aux mammif\u00e8res terrestres, aux poissons d\u2019eau douce et anadromes, aux oiseaux migrateurs et aux mammif\u00e8res marins, et attribue aux b\u00e9n\u00e9ficiaires cris, inuits et naskapis le droit d\u2019exploiter toute esp\u00e8ce faunique en tout temps et en tout lieu sur le territoire afin de satisfaire \u00e0 leurs besoins de subsistance. Les b\u00e9n\u00e9ficiaires ont aussi l\u2019exclusivit\u00e9 de l\u2019exploitation de certaines esp\u00e8ces comme le castor, l\u2019ours, l\u2019ours polaire et l\u2019esturgeon.<\/p>\n<p>La Nation Crie d\u00e9finit la conservation de la fa\u00e7on suivante :<\/p>\n<blockquote><p><em data-redactor-tag=\"em\">\u00ab La poursuite de la productivit\u00e9 naturelle optimale de toutes les ressources vivantes et la protection des syst\u00e8mes \u00e9cologiques du territoire de mani\u00e8re \u00e0 prot\u00e9ger les esp\u00e8ces en danger et d\u2019assurer [\u2026] la continuit\u00e9 des activit\u00e9s traditionnelles du peuple autochtone [\u2026]. \u00bb\u00a0<\/em><\/p><\/blockquote>\n","protected":false},"excerpt":{"rendered":"<p>Pr\u00e9server notre faune et notre identit\u00e9.<\/p>\n","protected":false},"author":1,"featured_media":3286,"parent":1563,"menu_order":0,"comment_status":"closed","ping_status":"closed","template":"","meta":[],"tags":[],"acf":[],"_links":{"self":[{"href":"https:\/\/cngov.ca\/fr\/wp-json\/wp\/v2\/pages\/2541"}],"collection":[{"href":"https:\/\/cngov.ca\/fr\/wp-json\/wp\/v2\/pages"}],"about":[{"href":"https:\/\/cngov.ca\/fr\/wp-json\/wp\/v2\/types\/page"}],"author":[{"embeddable":true,"href":"https:\/\/cngov.ca\/fr\/wp-json\/wp\/v2\/users\/1"}],"replies":[{"embeddable":true,"href":"https:\/\/cngov.ca\/fr\/wp-json\/wp\/v2\/comments?post=2541"}],"version-history":[{"count":4,"href":"https:\/\/cngov.ca\/fr\/wp-json\/wp\/v2\/pages\/2541\/revisions"}],"predecessor-version":[{"id":3290,"href":"https:\/\/cngov.ca\/fr\/wp-json\/wp\/v2\/pages\/2541\/revisions\/3290"}],"up":[{"embeddable":true,"href":"https:\/\/cngov.ca\/fr\/wp-json\/wp\/v2\/pages\/1563"}],"wp:featuredmedia":[{"embeddable":true,"href":"https:\/\/cngov.ca\/fr\/wp-json\/wp\/v2\/media\/3286"}],"wp:attachment":[{"href":"https:\/\/cngov.ca\/fr\/wp-json\/wp\/v2\/media?parent=2541"}],"wp:term":[{"taxonomy":"post_tag","embeddable":true,"href":"https:\/\/cngov.ca\/fr\/wp-json\/wp\/v2\/tags?post=2541"}],"curies":[{"name":"wp","href":"https:\/\/api.w.org\/{rel}","templated":true}]}}