{"id":2471,"date":"2017-11-26T19:57:50","date_gmt":"2017-11-26T19:57:50","guid":{"rendered":"https:\/\/stage.cngov.ca\/gouvernance-et-structure\/le-conseil\/the-deputy-grand-chief-vice-chairperson\/"},"modified":"2026-02-05T11:47:03","modified_gmt":"2026-02-05T15:47:03","slug":"the-deputy-grand-chief-vice-chairperson","status":"publish","type":"page","link":"https:\/\/cngov.ca\/fr\/gouvernance-et-structure\/le-conseil\/the-deputy-grand-chief-vice-chairperson\/","title":{"rendered":"Le grand chef adjoint\/vice-pr\u00e9sident"},"content":{"rendered":"\n<p><a href=\"https:\/\/www.cngov.ca\/wp-content\/uploads\/2026\/02\/deputy-grand-chief-linden-spencer.jpg\"><img decoding=\"async\" class=\"aligncenter  wp-image-16718\" src=\"https:\/\/www.cngov.ca\/wp-content\/uploads\/2026\/02\/deputy-grand-chief-linden-spencer.jpg\" alt=\"photo of a \" width=\"338\" height=\"507\" srcset=\"https:\/\/cngov.ca\/wp-content\/uploads\/2026\/02\/deputy-grand-chief-linden-spencer.jpg 1366w, https:\/\/cngov.ca\/wp-content\/uploads\/2026\/02\/deputy-grand-chief-linden-spencer-1100x1649.jpg 1100w, https:\/\/cngov.ca\/wp-content\/uploads\/2026\/02\/deputy-grand-chief-linden-spencer-1025x1536.jpg 1025w\" sizes=\"(max-width: 338px) 100vw, 338px\" \/><\/a><\/p>\n","protected":false},"excerpt":{"rendered":"<p>Linden Spencer est membre de la Nation Crie d\u2019Eastmain et a \u00e9t\u00e9 \u00e9lu en 2025 comme grand chef adjoint \/ vice-pr\u00e9sident.<\/p>\n","protected":false},"author":4,"featured_media":16718,"parent":1346,"menu_order":2,"comment_status":"closed","ping_status":"closed","template":"","meta":[],"tags":[],"acf":[],"_links":{"self":[{"href":"https:\/\/cngov.ca\/fr\/wp-json\/wp\/v2\/pages\/2471"}],"collection":[{"href":"https:\/\/cngov.ca\/fr\/wp-json\/wp\/v2\/pages"}],"about":[{"href":"https:\/\/cngov.ca\/fr\/wp-json\/wp\/v2\/types\/page"}],"author":[{"embeddable":true,"href":"https:\/\/cngov.ca\/fr\/wp-json\/wp\/v2\/users\/4"}],"replies":[{"embeddable":true,"href":"https:\/\/cngov.ca\/fr\/wp-json\/wp\/v2\/comments?post=2471"}],"version-history":[{"count":14,"href":"https:\/\/cngov.ca\/fr\/wp-json\/wp\/v2\/pages\/2471\/revisions"}],"predecessor-version":[{"id":16724,"href":"https:\/\/cngov.ca\/fr\/wp-json\/wp\/v2\/pages\/2471\/revisions\/16724"}],"up":[{"embeddable":true,"href":"https:\/\/cngov.ca\/fr\/wp-json\/wp\/v2\/pages\/1346"}],"wp:featuredmedia":[{"embeddable":true,"href":"https:\/\/cngov.ca\/fr\/wp-json\/wp\/v2\/media\/16718"}],"wp:attachment":[{"href":"https:\/\/cngov.ca\/fr\/wp-json\/wp\/v2\/media?parent=2471"}],"wp:term":[{"taxonomy":"post_tag","embeddable":true,"href":"https:\/\/cngov.ca\/fr\/wp-json\/wp\/v2\/tags?post=2471"}],"curies":[{"name":"wp","href":"https:\/\/api.w.org\/{rel}","templated":true}]}}