{"id":1563,"date":"2018-01-03T19:46:38","date_gmt":"2018-01-03T19:46:38","guid":{"rendered":"http:\/\/stage.cngov.ca\/?page_id=1563"},"modified":"2018-03-09T20:50:21","modified_gmt":"2018-03-09T20:50:21","slug":"environnement","status":"publish","type":"page","link":"https:\/\/cngov.ca\/fr\/environnement\/","title":{"rendered":"Environnement"},"content":{"rendered":"","protected":false},"excerpt":{"rendered":"<p>Domaines cl\u00e9s reli\u00e9s \u00e0 l\u2019environnement<\/p>\n","protected":false},"author":4,"featured_media":0,"parent":0,"menu_order":0,"comment_status":"closed","ping_status":"closed","template":"views\/template-services.blade.php","meta":[],"tags":[],"acf":[],"_links":{"self":[{"href":"https:\/\/cngov.ca\/fr\/wp-json\/wp\/v2\/pages\/1563"}],"collection":[{"href":"https:\/\/cngov.ca\/fr\/wp-json\/wp\/v2\/pages"}],"about":[{"href":"https:\/\/cngov.ca\/fr\/wp-json\/wp\/v2\/types\/page"}],"author":[{"embeddable":true,"href":"https:\/\/cngov.ca\/fr\/wp-json\/wp\/v2\/users\/4"}],"replies":[{"embeddable":true,"href":"https:\/\/cngov.ca\/fr\/wp-json\/wp\/v2\/comments?post=1563"}],"version-history":[{"count":3,"href":"https:\/\/cngov.ca\/fr\/wp-json\/wp\/v2\/pages\/1563\/revisions"}],"predecessor-version":[{"id":2609,"href":"https:\/\/cngov.ca\/fr\/wp-json\/wp\/v2\/pages\/1563\/revisions\/2609"}],"wp:attachment":[{"href":"https:\/\/cngov.ca\/fr\/wp-json\/wp\/v2\/media?parent=1563"}],"wp:term":[{"taxonomy":"post_tag","embeddable":true,"href":"https:\/\/cngov.ca\/fr\/wp-json\/wp\/v2\/tags?post=1563"}],"curies":[{"name":"wp","href":"https:\/\/api.w.org\/{rel}","templated":true}]}}