{"id":1441,"date":"2018-01-03T02:45:08","date_gmt":"2018-01-03T02:45:08","guid":{"rendered":"http:\/\/stage.cngov.ca\/?page_id=1441"},"modified":"2018-08-01T13:37:38","modified_gmt":"2018-08-01T17:37:38","slug":"participation-de-la-communaute","status":"publish","type":"page","link":"https:\/\/cngov.ca\/fr\/communaute-et-culture\/participation-de-la-communaute\/","title":{"rendered":"Participation de la communaut\u00e9"},"content":{"rendered":"<p>Avez-vous une histoire ou un \u00e9v\u00e9nement \u00e0 partager avec Eeyou Istchee? Nous voulons vous entendre, car votre opinion importe. Vous pouvez soumettre vos commentaires et suggestions de diverses fa\u00e7ons, des sondages aux formulaires de communication. Vous cherchez \u00e0 participer \u00e0 un \u00e9v\u00e9nement pr\u00e8s de chez vous? Consultez le calendrier <a href=\"https:\/\/www.cngov.ca\/fr\/evenements\/\">ici<\/a>.<\/p>\n<p><a href=\"https:\/\/www.cngov.ca\/fr\/communaute-et-culture\/participation-de-la-communaute\/stories-from-eeyou-istchee\/\">Histoire d&rsquo;Eeyou Istchee<\/a><\/p>\n<p><a href=\"https:\/\/www.cngov.ca\/fr\/communaute-et-culture\/participation-de-la-communaute\/commentaires-sur-le-site-web\/\">Commentaires sur le site web<\/a><\/p>\n","protected":false},"excerpt":{"rendered":"<p>Participez parce que votre opinion importe. Votre gouvernement et votre communaut\u00e9 ont besoin de vous.<\/p>\n","protected":false},"author":4,"featured_media":1122,"parent":1443,"menu_order":0,"comment_status":"closed","ping_status":"closed","template":"","meta":[],"tags":[],"acf":[],"_links":{"self":[{"href":"https:\/\/cngov.ca\/fr\/wp-json\/wp\/v2\/pages\/1441"}],"collection":[{"href":"https:\/\/cngov.ca\/fr\/wp-json\/wp\/v2\/pages"}],"about":[{"href":"https:\/\/cngov.ca\/fr\/wp-json\/wp\/v2\/types\/page"}],"author":[{"embeddable":true,"href":"https:\/\/cngov.ca\/fr\/wp-json\/wp\/v2\/users\/4"}],"replies":[{"embeddable":true,"href":"https:\/\/cngov.ca\/fr\/wp-json\/wp\/v2\/comments?post=1441"}],"version-history":[{"count":7,"href":"https:\/\/cngov.ca\/fr\/wp-json\/wp\/v2\/pages\/1441\/revisions"}],"predecessor-version":[{"id":3885,"href":"https:\/\/cngov.ca\/fr\/wp-json\/wp\/v2\/pages\/1441\/revisions\/3885"}],"up":[{"embeddable":true,"href":"https:\/\/cngov.ca\/fr\/wp-json\/wp\/v2\/pages\/1443"}],"wp:featuredmedia":[{"embeddable":true,"href":"https:\/\/cngov.ca\/fr\/wp-json\/wp\/v2\/media\/1122"}],"wp:attachment":[{"href":"https:\/\/cngov.ca\/fr\/wp-json\/wp\/v2\/media?parent=1441"}],"wp:term":[{"taxonomy":"post_tag","embeddable":true,"href":"https:\/\/cngov.ca\/fr\/wp-json\/wp\/v2\/tags?post=1441"}],"curies":[{"name":"wp","href":"https:\/\/api.w.org\/{rel}","templated":true}]}}