{"id":1346,"date":"2017-12-15T17:21:46","date_gmt":"2017-12-15T17:21:46","guid":{"rendered":"http:\/\/stage.cngov.ca\/?page_id=1346"},"modified":"2018-03-29T02:49:16","modified_gmt":"2018-03-29T02:49:16","slug":"le-conseil","status":"publish","type":"page","link":"https:\/\/cngov.ca\/fr\/gouvernance-et-structure\/le-conseil\/","title":{"rendered":"Le Conseil"},"content":{"rendered":"<h4>Le conseil du Grand Conseil des Cris (Eeyou Istchee) et du Gouvernement de la Nation Crie<\/h4>\n<p>Le Grand Conseil des Cris (Eeyou Istchee) et le Gouvernement de la Nation Crie sont deux entit\u00e9s juridiques distinctes; toutefois, ils ont un effectif, un conseil et des structures de gouvernance identiques et sont de facto dirig\u00e9s et g\u00e9r\u00e9s comme une organisation unique par la Nation Crie.<\/p>\n<h5>D\u2019autres caract\u00e9ristiques de gouvernance comprennent les \u00e9l\u00e9ments suivants.<\/h5>\n<ul>\n<li>Les deux corporations ont \u00e9t\u00e9 cr\u00e9\u00e9es sur une base \u00e0 but non lucratif.<\/li>\n<li>Tous les b\u00e9n\u00e9ficiaires cris sont membres du Grand Conseil des Cris (Eeyou Istchee) et du Gouvernement de la Nation Crie.<\/li>\n<li>Les deux organisations doivent faire rapport annuellement aux b\u00e9n\u00e9ficiaires cris lors d\u2019une assembl\u00e9e g\u00e9n\u00e9rale annuelle. Cette reddition de compte inclut la pr\u00e9sentation des \u00e9tats financiers v\u00e9rifi\u00e9s et les rapports d\u2019activit\u00e9s.<\/li>\n<\/ul>\n","protected":false},"excerpt":{"rendered":"<p>Structure de gouvernance dans Eeyou Istchee<\/p>\n","protected":false},"author":4,"featured_media":1138,"parent":1565,"menu_order":0,"comment_status":"closed","ping_status":"closed","template":"views\/template-services.blade.php","meta":[],"tags":[],"acf":[],"_links":{"self":[{"href":"https:\/\/cngov.ca\/fr\/wp-json\/wp\/v2\/pages\/1346"}],"collection":[{"href":"https:\/\/cngov.ca\/fr\/wp-json\/wp\/v2\/pages"}],"about":[{"href":"https:\/\/cngov.ca\/fr\/wp-json\/wp\/v2\/types\/page"}],"author":[{"embeddable":true,"href":"https:\/\/cngov.ca\/fr\/wp-json\/wp\/v2\/users\/4"}],"replies":[{"embeddable":true,"href":"https:\/\/cngov.ca\/fr\/wp-json\/wp\/v2\/comments?post=1346"}],"version-history":[{"count":5,"href":"https:\/\/cngov.ca\/fr\/wp-json\/wp\/v2\/pages\/1346\/revisions"}],"predecessor-version":[{"id":2841,"href":"https:\/\/cngov.ca\/fr\/wp-json\/wp\/v2\/pages\/1346\/revisions\/2841"}],"up":[{"embeddable":true,"href":"https:\/\/cngov.ca\/fr\/wp-json\/wp\/v2\/pages\/1565"}],"wp:featuredmedia":[{"embeddable":true,"href":"https:\/\/cngov.ca\/fr\/wp-json\/wp\/v2\/media\/1138"}],"wp:attachment":[{"href":"https:\/\/cngov.ca\/fr\/wp-json\/wp\/v2\/media?parent=1346"}],"wp:term":[{"taxonomy":"post_tag","embeddable":true,"href":"https:\/\/cngov.ca\/fr\/wp-json\/wp\/v2\/tags?post=1346"}],"curies":[{"name":"wp","href":"https:\/\/api.w.org\/{rel}","templated":true}]}}